{"id":18497,"date":"2020-10-12T05:17:15","date_gmt":"2020-10-12T03:17:15","guid":{"rendered":"https:\/\/tender-goldwasser.77-68-126-8.plesk.page\/contacta-con-nosotros\/"},"modified":"2024-11-14T00:05:24","modified_gmt":"2024-11-13T23:05:24","slug":"contacto-servicios-bioinformatica","status":"publish","type":"page","link":"https:\/\/biomiz.es\/es\/contacto-servicios-bioinformatica\/","title":{"rendered":"Contacto"},"content":{"rendered":"\t\t<div data-elementor-type=\"wp-page\" data-elementor-id=\"18497\" class=\"elementor elementor-18497 elementor-1087\">\n\t\t\t\t\t\t<section class=\"elementor-section elementor-top-section elementor-element elementor-element-e065e8f elementor-section-boxed elementor-section-height-default elementor-section-height-default\" data-id=\"e065e8f\" data-element_type=\"section\">\n\t\t\t\t\t\t<div class=\"elementor-container elementor-column-gap-default\">\n\t\t\t\t\t<div class=\"elementor-column elementor-col-100 elementor-top-column elementor-element elementor-element-a04e899\" data-id=\"a04e899\" data-element_type=\"column\">\n\t\t\t<div class=\"elementor-widget-wrap elementor-element-populated\">\n\t\t\t\t\t\t<section class=\"elementor-section elementor-inner-section elementor-element elementor-element-1692f8a elementor-section-boxed elementor-section-height-default elementor-section-height-default\" data-id=\"1692f8a\" data-element_type=\"section\">\n\t\t\t\t\t\t<div class=\"elementor-container elementor-column-gap-default\">\n\t\t\t\t\t<div class=\"elementor-column elementor-col-50 elementor-inner-column elementor-element elementor-element-429a5e1\" data-id=\"429a5e1\" data-element_type=\"column\">\n\t\t\t<div class=\"elementor-widget-wrap elementor-element-populated\">\n\t\t\t\t\t\t<div class=\"elementor-element elementor-element-815a9d3 elementor-widget elementor-widget-sectiontitle\" data-id=\"815a9d3\" data-element_type=\"widget\" data-widget_type=\"sectiontitle.default\">\n\t\t\t\t<div class=\"elementor-widget-container\">\n\t\t\t\r\n\t\t\t\t<div class=\"\">\r\n\t\t\t<div class=\"section-title t_left\">\r\n\t\t\t\t<h5>Datos de contacto<\/h5>\r\n\t\t\t\t<div class=\"title\">\r\n\t\t\t\t    <h3>Contacto para servicios de bioinform\u00e1tica<\/h3>\r\n\t\t\t\t    <h2><span><\/span><\/h2>\r\n\t\t\t\t<\/div>\r\n\t\t\t\t\t\t\t\r\n\t\t\t\t<div class=\"bar-main\">\r\n\t\t\t\t\t<div class=\"bar bar-big\"><\/div>\r\n\t\t\t\t<\/div>\r\n\t\t\t\t\t\t\t\t<p>No dudes en ponerte en contacto o visitarnos cuando te convenga. Nos esforzamos por responder a todas las consultas en un plazo de 24 horas en d\u00edas laborables. \u00a1Nuestro equipo est\u00e1 listo para ayudarte con cualquier pregunta que puedas tener sobre nuestros servicios de bioinform\u00e1tica!<\/p>\r\n\t\t\t<\/div>\t\r\n\t\t<\/div>\r\n\t\t\r\n\t\t\t<\/div>\n\t\t\t\t<\/div>\n\t\t\t\t<div class=\"elementor-element elementor-element-709c2ec elementor-position-left elementor-view-default elementor-mobile-position-top elementor-vertical-align-top elementor-widget elementor-widget-icon-box\" data-id=\"709c2ec\" data-element_type=\"widget\" data-widget_type=\"icon-box.default\">\n\t\t\t\t<div class=\"elementor-widget-container\">\n\t\t\t\t\t<div class=\"elementor-icon-box-wrapper\">\n\n\t\t\t\t\t\t<div class=\"elementor-icon-box-icon\">\n\t\t\t\t<a href=\"mailto:info@biomiz.es\" class=\"elementor-icon elementor-animation-\" tabindex=\"-1\">\n\t\t\t\t<svg aria-hidden=\"true\" class=\"e-font-icon-svg e-far-envelope\" viewBox=\"0 0 512 512\" xmlns=\"http:\/\/www.w3.org\/2000\/svg\"><path d=\"M464 64H48C21.49 64 0 85.49 0 112v288c0 26.51 21.49 48 48 48h416c26.51 0 48-21.49 48-48V112c0-26.51-21.49-48-48-48zm0 48v40.805c-22.422 18.259-58.168 46.651-134.587 106.49-16.841 13.247-50.201 45.072-73.413 44.701-23.208.375-56.579-31.459-73.413-44.701C106.18 199.465 70.425 171.067 48 152.805V112h416zM48 400V214.398c22.914 18.251 55.409 43.862 104.938 82.646 21.857 17.205 60.134 55.186 103.062 54.955 42.717.231 80.509-37.199 103.053-54.947 49.528-38.783 82.032-64.401 104.947-82.653V400H48z\"><\/path><\/svg>\t\t\t\t<\/a>\n\t\t\t<\/div>\n\t\t\t\n\t\t\t\t\t\t<div class=\"elementor-icon-box-content\">\n\n\t\t\t\t\t\t\t\t\t<h3 class=\"elementor-icon-box-title\">\n\t\t\t\t\t\t<a href=\"mailto:info@biomiz.es\" >\n\t\t\t\t\t\t\tNuestro buz\u00f3n:\t\t\t\t\t\t<\/a>\n\t\t\t\t\t<\/h3>\n\t\t\t\t\n\t\t\t\t\t\t\t\t\t<p class=\"elementor-icon-box-description\">\n\t\t\t\t\t\tinfo@biomiz.es\t\t\t\t\t<\/p>\n\t\t\t\t\n\t\t\t<\/div>\n\t\t\t\n\t\t<\/div>\n\t\t\t\t<\/div>\n\t\t\t\t<\/div>\n\t\t\t\t<div class=\"elementor-element elementor-element-d80f7b6 elementor-widget elementor-widget-image\" data-id=\"d80f7b6\" data-element_type=\"widget\" data-widget_type=\"image.default\">\n\t\t\t\t<div class=\"elementor-widget-container\">\n\t\t\t\t\t\t\t\t\t\t\t\t\t<img fetchpriority=\"high\" decoding=\"async\" width=\"545\" height=\"275\" src=\"https:\/\/biomiz.es\/wp-content\/uploads\/2024\/10\/biomiz_contacto.jpg\" class=\"attachment-medium_large size-medium_large wp-image-18027\" alt=\"\" srcset=\"https:\/\/biomiz.es\/wp-content\/uploads\/2024\/10\/biomiz_contacto.jpg 545w, https:\/\/biomiz.es\/wp-content\/uploads\/2024\/10\/biomiz_contacto-300x151.jpg 300w\" sizes=\"(max-width: 545px) 100vw, 545px\" \/>\t\t\t\t\t\t\t\t\t\t\t\t\t<\/div>\n\t\t\t\t<\/div>\n\t\t\t\t\t<\/div>\n\t\t<\/div>\n\t\t\t\t<div class=\"elementor-column elementor-col-50 elementor-inner-column elementor-element elementor-element-5c4e81d\" data-id=\"5c4e81d\" data-element_type=\"column\" data-settings=\"{&quot;background_background&quot;:&quot;classic&quot;}\">\n\t\t\t<div class=\"elementor-widget-wrap elementor-element-populated\">\n\t\t\t\t\t\t<div class=\"elementor-element elementor-element-b3f6691 elementor-widget elementor-widget-sectiontitle\" data-id=\"b3f6691\" data-element_type=\"widget\" data-widget_type=\"sectiontitle.default\">\n\t\t\t\t<div class=\"elementor-widget-container\">\n\t\t\t\r\n\t\t\t\t<div class=\"\">\r\n\t\t\t<div class=\"section-title t_left\">\r\n\t\t\t\t<h5>Ponte en contacto<\/h5>\r\n\t\t\t\t<div class=\"title\">\r\n\t\t\t\t    <h3>Cu\u00e9ntanos m\u00e1s sobre tu proyecto de bioinform\u00e1tica<\/h3>\r\n\t\t\t\t    <h2><span><\/span><\/h2>\r\n\t\t\t\t<\/div>\r\n\t\t\t\t\t\t\t\r\n\t\t\t\t<div class=\"bar-main\">\r\n\t\t\t\t\t<div class=\"bar bar-big\"><\/div>\r\n\t\t\t\t<\/div>\r\n\t\t\t\t\t\t\t\t<p>Te ayudaremos a dise\u00f1ar tu experimento y a discutir los an\u00e1lisis bioinform\u00e1ticos que mejor se adapten a tus necesidades de consultor\u00eda en servicios de bioinform\u00e1tica.<\/p>\r\n\t\t\t<\/div>\t\r\n\t\t<\/div>\r\n\t\t\r\n\t\t\t<\/div>\n\t\t\t\t<\/div>\n\t\t\t\t<div class=\"elementor-element elementor-element-d670e6f elementor-widget elementor-widget-shortcode\" data-id=\"d670e6f\" data-element_type=\"widget\" data-widget_type=\"shortcode.default\">\n\t\t\t\t<div class=\"elementor-widget-container\">\n\t\t\t\t\t<div class=\"elementor-shortcode\">\n<div class=\"wpcf7 no-js\" id=\"wpcf7-f18664-o1\" lang=\"es-ES\" dir=\"ltr\" data-wpcf7-id=\"18664\">\n<div class=\"screen-reader-response\"><p role=\"status\" aria-live=\"polite\" aria-atomic=\"true\"><\/p> <ul><\/ul><\/div>\n<form action=\"\/es\/wp-json\/wp\/v2\/pages\/18497#wpcf7-f18664-o1\" method=\"post\" class=\"wpcf7-form init\" aria-label=\"Formulario de contacto\" novalidate=\"novalidate\" data-status=\"init\">\n<div style=\"display: none;\">\n<input type=\"hidden\" name=\"_wpcf7\" value=\"18664\" \/>\n<input type=\"hidden\" name=\"_wpcf7_version\" value=\"6.0\" \/>\n<input type=\"hidden\" name=\"_wpcf7_locale\" value=\"es_ES\" \/>\n<input type=\"hidden\" name=\"_wpcf7_unit_tag\" value=\"wpcf7-f18664-o1\" \/>\n<input type=\"hidden\" name=\"_wpcf7_container_post\" value=\"0\" \/>\n<input type=\"hidden\" name=\"_wpcf7_posted_data_hash\" value=\"\" \/>\n<input type=\"hidden\" name=\"_wpcf7_recaptcha_response\" value=\"\" \/>\n<\/div>\n<div class=\"form-area contact-form\">\n\t<div class=\"form-inner\">\n\t\t<div class=\"form-controls row\">\n\t\t\t<div class=\"col-md-12\">\n\t\t\t\t<div class=\"form-group\">\n\t\t\t\t\t<p><span class=\"wpcf7-form-control-wrap\" data-name=\"nombre\"><input size=\"40\" maxlength=\"400\" class=\"wpcf7-form-control wpcf7-text wpcf7-validates-as-required form-control\" aria-required=\"true\" aria-invalid=\"false\" placeholder=\"Tu nombre\" value=\"\" type=\"text\" name=\"nombre\" \/><\/span>\n\t\t\t\t\t<\/p>\n\t\t\t\t<\/div>\n\t\t\t<\/div>\n\t\t\t<div class=\"col-md-12\">\n\t\t\t\t<div class=\"form-group\">\n\t\t\t\t\t<p><span class=\"wpcf7-form-control-wrap\" data-name=\"tu-email\"><input size=\"40\" maxlength=\"400\" class=\"wpcf7-form-control wpcf7-email wpcf7-validates-as-required wpcf7-text wpcf7-validates-as-email form-control\" aria-required=\"true\" aria-invalid=\"false\" placeholder=\"Tu correo electr\u00f3nico\" value=\"\" type=\"email\" name=\"tu-email\" \/><\/span>\n\t\t\t\t\t<\/p>\n\t\t\t\t<\/div>\n\t\t\t<\/div>\n\t\t\t<div class=\"col-md-12\">\n\t\t\t\t<div class=\"form-group\">\n\t\t\t\t\t<p><span class=\"wpcf7-form-control-wrap\" data-name=\"mensaje\"><textarea cols=\"40\" rows=\"10\" maxlength=\"2000\" class=\"wpcf7-form-control wpcf7-textarea\" aria-invalid=\"false\" placeholder=\"Tu mensaje\" name=\"mensaje\"><\/textarea><\/span>\n\t\t\t\t\t<\/p>\n\t\t\t\t<\/div>\n\t\t\t<\/div>\n\t\t\t<div class=\"col-md-12\">\n\t\t\t\t<div class=\"form-group\">\n\t\t\t\t\t<p><span class=\"wpcf7-form-control-wrap\" data-name=\"codigo-promocional\"><input class=\"wpcf7-form-control wpcf7-number wpcf7-validates-as-number form-control\" aria-invalid=\"false\" placeholder=\"C\u00f3digo Promocional\" value=\"\" type=\"number\" name=\"codigo-promocional\" \/><\/span>\n\t\t\t\t\t<\/p>\n\t\t\t\t<\/div>\n\t\t\t<\/div>\n\t\t\t<div class=\"col-md-12\">\n\t\t\t\t<div class=\"form-group\">\n\t\t\t\t\t<p><span class=\"wpcf7-form-control-wrap\" data-name=\"politica-privacidad\"><span class=\"wpcf7-form-control wpcf7-acceptance\"><span class=\"wpcf7-list-item\"><label><input type=\"checkbox\" name=\"politica-privacidad\" value=\"1\" aria-invalid=\"false\" \/><span class=\"wpcf7-list-item-label\">Al enviar este formulario, acepto la <a href=\"\/es\/politica-de-privacidad\/\" target=\"_new\">Pol\u00edtica de Privacidad<\/a><\/span><\/label><\/span><\/span><\/span>\n\t\t\t\t\t<\/p>\n\t\t\t\t<\/div>\n\t\t\t<\/div>\n\t\t\t<div class=\"col-md-12\">\n\t\t\t\t<div class=\"form-group\">\n\t\t\t\t\t<div class=\"buttons\">\n\t\t\t\t\t\t<p><input class=\"wpcf7-form-control wpcf7-submit has-spinner button\" type=\"submit\" value=\"Enviar Mensaje\" \/>\n\t\t\t\t\t\t<\/p>\n\t\t\t\t\t<\/div>\n\t\t\t\t<\/div>\n\t\t\t<\/div>\n\t\t<\/div>\n\t<\/div>\n<\/div><div class=\"wpcf7-response-output\" aria-hidden=\"true\"><\/div>\n<\/form>\n<\/div>\n<\/div>\n\t\t\t\t<\/div>\n\t\t\t\t<\/div>\n\t\t\t\t\t<\/div>\n\t\t<\/div>\n\t\t\t\t\t<\/div>\n\t\t<\/section>\n\t\t\t\t\t<\/div>\n\t\t<\/div>\n\t\t\t\t\t<\/div>\n\t\t<\/section>\n\t\t\t\t<\/div>\n\t\t","protected":false},"excerpt":{"rendered":"<p>Datos de contacto Contacto para servicios de bioinform\u00e1tica No dudes en ponerte en contacto o visitarnos cuando te convenga. Nos esforzamos por responder a todas las consultas en un plazo de 24 horas en d\u00edas laborables. \u00a1Nuestro equipo est\u00e1 listo para ayudarte con cualquier pregunta que puedas tener sobre nuestros servicios de bioinform\u00e1tica! Nuestro buz\u00f3n: [&hellip;]<\/p>\n","protected":false},"author":1,"featured_media":0,"parent":0,"menu_order":0,"comment_status":"closed","ping_status":"closed","template":"page-templates\/template-default.php","meta":{"footnotes":""},"class_list":["post-18497","page","type-page","status-publish","hentry"],"yoast_head":"<!-- This site is optimized with the Yoast SEO plugin v23.8 - https:\/\/yoast.com\/wordpress\/plugins\/seo\/ -->\n<title>Contacto - Servicios de Bioinform\u00e1tica en Biomiz<\/title>\n<meta name=\"description\" content=\"Ponte en contacto con Biomiz para obtener m\u00e1s informaci\u00f3n sobre nuestros servicios de bioinform\u00e1tica. Respondemos en 24 horas en d\u00edas laborables.\" \/>\n<meta name=\"robots\" content=\"index, follow, max-snippet:-1, max-image-preview:large, max-video-preview:-1\" \/>\n<link rel=\"canonical\" href=\"https:\/\/biomiz.es\/es\/contacto-servicios-bioinformatica\/\" \/>\n<meta property=\"og:locale\" content=\"es_ES\" \/>\n<meta property=\"og:type\" content=\"article\" \/>\n<meta property=\"og:title\" content=\"Contacto - Servicios de Bioinform\u00e1tica en Biomiz\" \/>\n<meta property=\"og:description\" content=\"Ponte en contacto con Biomiz para obtener m\u00e1s informaci\u00f3n sobre nuestros servicios de bioinform\u00e1tica. Respondemos en 24 horas en d\u00edas laborables.\" \/>\n<meta property=\"og:url\" content=\"https:\/\/biomiz.es\/es\/contacto-servicios-bioinformatica\/\" \/>\n<meta property=\"og:site_name\" content=\"Biomiz | Bioinformatics That Drives Discovery\" \/>\n<meta property=\"article:modified_time\" content=\"2024-11-13T23:05:24+00:00\" \/>\n<meta property=\"og:image\" content=\"https:\/\/tender-goldwasser.77-68-126-8.plesk.page\/wp-content\/uploads\/2024\/10\/biomiz_contacto.jpg\" \/>\n<meta name=\"twitter:card\" content=\"summary_large_image\" \/>\n<meta name=\"twitter:label1\" content=\"Tiempo de lectura\" \/>\n\t<meta name=\"twitter:data1\" content=\"1 minuto\" \/>\n<script type=\"application\/ld+json\" class=\"yoast-schema-graph\">{\"@context\":\"https:\/\/schema.org\",\"@graph\":[{\"@type\":\"WebPage\",\"@id\":\"https:\/\/biomiz.es\/es\/contacto-servicios-bioinformatica\/\",\"url\":\"https:\/\/biomiz.es\/es\/contacto-servicios-bioinformatica\/\",\"name\":\"Contacto - Servicios de Bioinform\u00e1tica en Biomiz\",\"isPartOf\":{\"@id\":\"https:\/\/biomiz.es\/#website\"},\"primaryImageOfPage\":{\"@id\":\"https:\/\/biomiz.es\/es\/contacto-servicios-bioinformatica\/#primaryimage\"},\"image\":{\"@id\":\"https:\/\/biomiz.es\/es\/contacto-servicios-bioinformatica\/#primaryimage\"},\"thumbnailUrl\":\"https:\/\/tender-goldwasser.77-68-126-8.plesk.page\/wp-content\/uploads\/2024\/10\/biomiz_contacto.jpg\",\"datePublished\":\"2020-10-12T03:17:15+00:00\",\"dateModified\":\"2024-11-13T23:05:24+00:00\",\"description\":\"Ponte en contacto con Biomiz para obtener m\u00e1s informaci\u00f3n sobre nuestros servicios de bioinform\u00e1tica. Respondemos en 24 horas en d\u00edas laborables.\",\"breadcrumb\":{\"@id\":\"https:\/\/biomiz.es\/es\/contacto-servicios-bioinformatica\/#breadcrumb\"},\"inLanguage\":\"es\",\"potentialAction\":[{\"@type\":\"ReadAction\",\"target\":[\"https:\/\/biomiz.es\/es\/contacto-servicios-bioinformatica\/\"]}]},{\"@type\":\"ImageObject\",\"inLanguage\":\"es\",\"@id\":\"https:\/\/biomiz.es\/es\/contacto-servicios-bioinformatica\/#primaryimage\",\"url\":\"https:\/\/tender-goldwasser.77-68-126-8.plesk.page\/wp-content\/uploads\/2024\/10\/biomiz_contacto.jpg\",\"contentUrl\":\"https:\/\/tender-goldwasser.77-68-126-8.plesk.page\/wp-content\/uploads\/2024\/10\/biomiz_contacto.jpg\"},{\"@type\":\"BreadcrumbList\",\"@id\":\"https:\/\/biomiz.es\/es\/contacto-servicios-bioinformatica\/#breadcrumb\",\"itemListElement\":[{\"@type\":\"ListItem\",\"position\":1,\"name\":\"Home\",\"item\":\"https:\/\/biomiz.es\/\"},{\"@type\":\"ListItem\",\"position\":2,\"name\":\"Contacto\"}]},{\"@type\":\"WebSite\",\"@id\":\"https:\/\/biomiz.es\/#website\",\"url\":\"https:\/\/biomiz.es\/\",\"name\":\"Biomiz | Bioinformatics That Drives Discovery\",\"description\":\"Bioinformatics as a Service\",\"potentialAction\":[{\"@type\":\"SearchAction\",\"target\":{\"@type\":\"EntryPoint\",\"urlTemplate\":\"https:\/\/biomiz.es\/?s={search_term_string}\"},\"query-input\":{\"@type\":\"PropertyValueSpecification\",\"valueRequired\":true,\"valueName\":\"search_term_string\"}}],\"inLanguage\":\"es\"}]}<\/script>\n<!-- \/ Yoast SEO plugin. -->","yoast_head_json":{"title":"Contacto - Servicios de Bioinform\u00e1tica en Biomiz","description":"Ponte en contacto con Biomiz para obtener m\u00e1s informaci\u00f3n sobre nuestros servicios de bioinform\u00e1tica. Respondemos en 24 horas en d\u00edas laborables.","robots":{"index":"index","follow":"follow","max-snippet":"max-snippet:-1","max-image-preview":"max-image-preview:large","max-video-preview":"max-video-preview:-1"},"canonical":"https:\/\/biomiz.es\/es\/contacto-servicios-bioinformatica\/","og_locale":"es_ES","og_type":"article","og_title":"Contacto - Servicios de Bioinform\u00e1tica en Biomiz","og_description":"Ponte en contacto con Biomiz para obtener m\u00e1s informaci\u00f3n sobre nuestros servicios de bioinform\u00e1tica. Respondemos en 24 horas en d\u00edas laborables.","og_url":"https:\/\/biomiz.es\/es\/contacto-servicios-bioinformatica\/","og_site_name":"Biomiz | Bioinformatics That Drives Discovery","article_modified_time":"2024-11-13T23:05:24+00:00","og_image":[{"url":"https:\/\/tender-goldwasser.77-68-126-8.plesk.page\/wp-content\/uploads\/2024\/10\/biomiz_contacto.jpg"}],"twitter_card":"summary_large_image","twitter_misc":{"Tiempo de lectura":"1 minuto"},"schema":{"@context":"https:\/\/schema.org","@graph":[{"@type":"WebPage","@id":"https:\/\/biomiz.es\/es\/contacto-servicios-bioinformatica\/","url":"https:\/\/biomiz.es\/es\/contacto-servicios-bioinformatica\/","name":"Contacto - Servicios de Bioinform\u00e1tica en Biomiz","isPartOf":{"@id":"https:\/\/biomiz.es\/#website"},"primaryImageOfPage":{"@id":"https:\/\/biomiz.es\/es\/contacto-servicios-bioinformatica\/#primaryimage"},"image":{"@id":"https:\/\/biomiz.es\/es\/contacto-servicios-bioinformatica\/#primaryimage"},"thumbnailUrl":"https:\/\/tender-goldwasser.77-68-126-8.plesk.page\/wp-content\/uploads\/2024\/10\/biomiz_contacto.jpg","datePublished":"2020-10-12T03:17:15+00:00","dateModified":"2024-11-13T23:05:24+00:00","description":"Ponte en contacto con Biomiz para obtener m\u00e1s informaci\u00f3n sobre nuestros servicios de bioinform\u00e1tica. Respondemos en 24 horas en d\u00edas laborables.","breadcrumb":{"@id":"https:\/\/biomiz.es\/es\/contacto-servicios-bioinformatica\/#breadcrumb"},"inLanguage":"es","potentialAction":[{"@type":"ReadAction","target":["https:\/\/biomiz.es\/es\/contacto-servicios-bioinformatica\/"]}]},{"@type":"ImageObject","inLanguage":"es","@id":"https:\/\/biomiz.es\/es\/contacto-servicios-bioinformatica\/#primaryimage","url":"https:\/\/tender-goldwasser.77-68-126-8.plesk.page\/wp-content\/uploads\/2024\/10\/biomiz_contacto.jpg","contentUrl":"https:\/\/tender-goldwasser.77-68-126-8.plesk.page\/wp-content\/uploads\/2024\/10\/biomiz_contacto.jpg"},{"@type":"BreadcrumbList","@id":"https:\/\/biomiz.es\/es\/contacto-servicios-bioinformatica\/#breadcrumb","itemListElement":[{"@type":"ListItem","position":1,"name":"Home","item":"https:\/\/biomiz.es\/"},{"@type":"ListItem","position":2,"name":"Contacto"}]},{"@type":"WebSite","@id":"https:\/\/biomiz.es\/#website","url":"https:\/\/biomiz.es\/","name":"Biomiz | Bioinformatics That Drives Discovery","description":"Bioinformatics as a Service","potentialAction":[{"@type":"SearchAction","target":{"@type":"EntryPoint","urlTemplate":"https:\/\/biomiz.es\/?s={search_term_string}"},"query-input":{"@type":"PropertyValueSpecification","valueRequired":true,"valueName":"search_term_string"}}],"inLanguage":"es"}]}},"_links":{"self":[{"href":"https:\/\/biomiz.es\/es\/wp-json\/wp\/v2\/pages\/18497","targetHints":{"allow":["GET"]}}],"collection":[{"href":"https:\/\/biomiz.es\/es\/wp-json\/wp\/v2\/pages"}],"about":[{"href":"https:\/\/biomiz.es\/es\/wp-json\/wp\/v2\/types\/page"}],"author":[{"embeddable":true,"href":"https:\/\/biomiz.es\/es\/wp-json\/wp\/v2\/users\/1"}],"replies":[{"embeddable":true,"href":"https:\/\/biomiz.es\/es\/wp-json\/wp\/v2\/comments?post=18497"}],"version-history":[{"count":8,"href":"https:\/\/biomiz.es\/es\/wp-json\/wp\/v2\/pages\/18497\/revisions"}],"predecessor-version":[{"id":18654,"href":"https:\/\/biomiz.es\/es\/wp-json\/wp\/v2\/pages\/18497\/revisions\/18654"}],"wp:attachment":[{"href":"https:\/\/biomiz.es\/es\/wp-json\/wp\/v2\/media?parent=18497"}],"curies":[{"name":"wp","href":"https:\/\/api.w.org\/{rel}","templated":true}]}}