{"id":18508,"date":"2024-10-21T10:51:59","date_gmt":"2024-10-21T08:51:59","guid":{"rendered":"https:\/\/tender-goldwasser.77-68-126-8.plesk.page\/aviso-legal\/"},"modified":"2024-11-13T20:47:44","modified_gmt":"2024-11-13T19:47:44","slug":"aviso-legal","status":"publish","type":"page","link":"https:\/\/biomiz.es\/es\/aviso-legal\/","title":{"rendered":"Aviso legal"},"content":{"rendered":"\n<p><strong>Informaci\u00f3n Legal<br\/><\/strong><br\/> En cumplimiento del deber de informaci\u00f3n establecido en el art\u00edculo 10 de la Ley 34\/2002, de Servicios de la Sociedad de la Informaci\u00f3n y del Comercio Electr\u00f3nico, te informamos que el titular del sitio web<a href=\"http:\/\/www.biomiz.es\"> www.biomiz.es<\/a>es Valentino Ruggieri, en adelante Biomiz.<\/p>\n\n<p>Los datos identificativos y de contacto de los titulares del sitio web www.biomiz.es son los siguientes:Entidad Responsable: Valentino Ruggieri (BIOMIZ) (en adelante www.biomiz.es)<br\/>CIF: ESY4786252N<br\/>Direcci\u00f3n de correo electr\u00f3nico de contacto: <a>info@biomiz.es<\/a><\/p>\n\n<p><strong>2.<\/strong> 2. <strong>Objeto y \u00e1mbito de aplicaci\u00f3n<\/strong><br\/>2.1.- El presente Aviso Legal establece las condiciones generales de uso que regulan el acceso, navegaci\u00f3n y uso del sitio web www.biomiz.es (en adelante, el Sitio Web), as\u00ed como las responsabilidades derivadas de la utilizaci\u00f3n de sus contenidos. Adicionalmente, determinados servicios o actividades ofrecidos en el Sitio Web pueden encontrarse sometidos a condiciones particulares propias que, en su caso, sustituyen, completan y\/o modifican estas condiciones generales de uso establecidas en el presente Aviso Legal. <\/p>\n\n<p>2.2.- Este Sitio Web es un servicio que www.biomiz.es presta a los usuarios de Internet con car\u00e1cter informativo. Podr\u00e1 realizar, en cualquier momento y sin previo aviso, las modificaciones que considere oportunas sobre su dise\u00f1o, configuraci\u00f3n y contenidos. <\/p>\n\n<p>2.3.- El acceso y uso de este Sitio Web atribuye al visitante la condici\u00f3n de USUARIO, lo que implica su aceptaci\u00f3n plena y sin reservas, desde el mismo momento del acceso y\/o uso, de todas las condiciones de uso incluidas en este Aviso Legal, en la versi\u00f3n publicada en el momento del acceso. En este sentido, se entender\u00e1 por USUARIO a toda persona que acceda, navegue, utilice o participe en los servicios y actividades que se prestan en el Sitio Web. <\/p>\n\n<p>2.4.- El USUARIO se obliga a hacer un uso correcto del Sitio Web, de conformidad con las leyes aplicables, la buena fe, el orden p\u00fablico, los usos y costumbres y el presente Aviso Legal. El USUARIO responder\u00e1 frente a www.biomiz.es y frente a terceros, de cualesquiera da\u00f1os y perjuicios que pudieran causarse como consecuencia del incumplimiento de dicha obligaci\u00f3n. <\/p>\n\n<p><strong>3. Acceso y Uso del Sitio Web<\/strong><br\/>3.1.- El acceso a este Sitio Web es gratuito, salvo en lo relativo al coste de la conexi\u00f3n a la red de telecomunicaciones suministrada por el operador contratado por cada USUARIO.<\/p>\n\n<p>3.2.- El USUARIO asume la responsabilidad del uso del Sitio Web. Por ello, el USUARIO se compromete a hacer un uso diligente, responsable y l\u00edcito de los contenidos y, en particular, se compromete a no emplearlos para, entre otros <\/p>\n\n<ul class=\"wp-block-list\">\n<li>Utilizar identidades falsas o suplantar la identidad de otros usuarios al utilizar el Sitio Web o sus servicios.<\/li>\n\n\n\n<li>Introducir virus en la red o realizar actuaciones susceptibles de alterar, estropear, interrumpir o provocar errores o da\u00f1os en los documentos electr\u00f3nicos, datos o sistemas f\u00edsicos y l\u00f3gicos de www.biomiz.es o de terceras personas, as\u00ed como obstaculizar el acceso de otros usuarios al Sitio Web y a sus servicios mediante la sobrecarga de los recursos inform\u00e1ticos a trav\u00e9s de los cuales www.biomiz.es presta sus servicios.<\/li>\n\n\n\n<li>Intentar acceder y, en su caso, utilizar las cuentas de correo electr\u00f3nico de otros usuarios.<\/li>\n\n\n\n<li>Reproducir, copiar, distribuir, poner a disposici\u00f3n o de cualquier otra forma comunicar p\u00fablicamente, transformar o modificar los contenidos de la Web con fines comerciales, en cualquier soporte y por cualquier medio t\u00e9cnico, sin la autorizaci\u00f3n previa y expresa del titular de los derechos.<\/li>\n\n\n\n<li>Introducir o incorporar los contenidos y\/o servicios presentados en este Sitio Web en una actividad empresarial personal o profesional.<\/li>\n\n\n\n<li>Vulnerar cualesquiera derechos de propiedad intelectual o industrial derivados de los contenidos del Sitio Web.<\/li>\n\n\n\n<li>Utilizar el contenido y\/o la informaci\u00f3n obtenida a trav\u00e9s de este Sitio Web para actividades publicitarias o promocionales, enviar cualquier tipo de publicidad o comunicaciones con fines de venta u otros fines comerciales, o recopilar, comercializar o divulgar dicha informaci\u00f3n de cualquier forma.<\/li>\n\n\n\n<li>Utilizar este Sitio Web, o los contenidos y\/o servicios obtenidos en el mismo, para desarrollar actividades contrarias a las leyes, a la moral, a las buenas costumbres o al orden p\u00fablico, o con fines il\u00edcitos que lesionen derechos e intereses de terceros.<\/li>\n<\/ul>\n\n<p>3.3.- www.biomiz.es se reserva el derecho a interrumpir el acceso al Sitio Web en cualquier momento y sin previo aviso, as\u00ed como a suspender la prestaci\u00f3n de cualquiera o de todos los servicios que se prestan a trav\u00e9s del mismo por razones t\u00e9cnicas, de seguridad o de cualquier otra \u00edndole.<\/p>\n\n<p><strong>4. Protecci\u00f3n de Datos Personales<\/strong><br\/>4.1.- www.biomiz.es se compromete a tratar los datos de car\u00e1cter personal de manera respetuosa con los derechos de sus titulares y de conformidad con la normativa sobre protecci\u00f3n de datos vigente en cada momento.<\/p>\n\n<p>4.2.- La secci\u00f3n &#8220;Pol\u00edtica de Privacidad&#8221; del Sitio Web proporciona a los usuarios la informaci\u00f3n legal o pol\u00edtica de privacidad relevante en relaci\u00f3n con las distintas actividades de tratamiento de datos llevadas a cabo por www.biomiz.es.<\/p>\n\n<p>4.3.- En caso de que el USUARIO cumplimente voluntariamente alguno de los formularios de recogida de datos online disponibles en el Sitio Web para acceder a determinados servicios o contenidos, se compromete a proporcionar datos exactos y veraces y a comunicar a www.biomiz.es cualquier modificaci\u00f3n de los mismos. Salvo que expresamente se establezca lo contrario, los datos solicitados en nuestros formularios son los necesarios para tramitar la solicitud. <\/p>\n\n<p>En todo caso, el correspondiente formulario online de recogida de datos personales incluir\u00e1 un enlace al aviso de privacidad aplicable, que se aplicar\u00e1 al tratamiento de los datos personales facilitados. Ser\u00e1 necesaria la aceptaci\u00f3n expresa del aviso de privacidad por parte del USUARIO para completar el formulario y enviarlo. El contenido de esta pol\u00edtica de privacidad podr\u00e1 ser modificado para adaptarse a los cambios legislativos o a las directrices dictadas por las Autoridades de Protecci\u00f3n de Datos competentes.  <\/p>\n\n<p>4.4.- Si un USUARIO facilita datos personales de otras personas f\u00edsicas, se compromete a cumplir todas las obligaciones derivadas de la normativa aplicable en materia de protecci\u00f3n de datos, en particular la obligaci\u00f3n de informar y obtener el consentimiento de los interesados.<\/p>\n\n<p>4.5.- Los menores de 16 a\u00f1os no podr\u00e1n facilitar sus datos personales a trav\u00e9s del Sitio Web sin el previo consentimiento expreso de sus padres o tutores. En cualquier caso, este Sitio Web no est\u00e1 dirigido a menores de edad. <\/p>\n\n<p><strong>5. Propiedad Intelectual e Industrial<\/strong><br\/>5.1.- www.biomiz.es es titular o licenciatario de los derechos de propiedad intelectual e industrial de este Sitio Web, as\u00ed como de los contenidos que alberga. Quedan reservados todos los derechos. <\/p>\n\n<p>5.2.- En ning\u00fan caso se entender\u00e1 que el acceso y navegaci\u00f3n del USUARIO por el Sitio Web implica ning\u00fan tipo de renuncia, transmisi\u00f3n, licencia o cesi\u00f3n total ni parcial de dichos derechos por parte de www.biomiz.es, ni confiere al USUARIO derecho alguno de utilizaci\u00f3n, traducci\u00f3n, adaptaci\u00f3n, alteraci\u00f3n, explotaci\u00f3n, reproducci\u00f3n, distribuci\u00f3n o comunicaci\u00f3n p\u00fablica sobre dichos contenidos con fines comerciales, sin la previa autorizaci\u00f3n expresa de www.biomiz.es o del titular de los respectivos derechos. El incumplimiento de lo anterior facultar\u00e1 a www.biomiz.es o a los titulares de los respectivos derechos para interponer las acciones legales pertinentes. <\/p>\n\n<p>5.3.- La distribuci\u00f3n, modificaci\u00f3n, cesi\u00f3n o comunicaci\u00f3n p\u00fablica de los contenidos y cualesquiera otros actos que no hayan sido expresamente autorizados por el titular de los derechos quedan prohibidos.<\/p>\n\n<p><strong>6.<\/strong> 6<strong>. Exclusi\u00f3n de Garant\u00edas y Responsabilidad<\/strong><br\/>6.1.- El contenido de este Sitio Web se proporciona con fines informativos y para establecer un canal de comunicaci\u00f3n con los USUARIOS. Sus contenidos no deben considerarse asesoramiento exhaustivo sobre ninguna materia. www.biomiz.es no garantiza plenamente el acceso a todos los contenidos, ni su exhaustividad, exactitud, actualidad, pertinencia o utilidad para un fin determinado. www.biomiz.es excluye, hasta donde permite el ordenamiento jur\u00eddico, cualquier responsabilidad por los da\u00f1os y perjuicios de toda naturaleza derivados, a t\u00edtulo enunciativo y no limitativo, de los errores u omisiones en los contenidos, de la falta de disponibilidad del Sitio Web o de la transmisi\u00f3n de virus o programas maliciosos o lesivos en los contenidos. No obstante, www.biomiz.es declara que ha adoptado todas las medidas necesarias, dentro de sus posibilidades y del estado actual de la tecnolog\u00eda, para garantizar el correcto funcionamiento del Sitio Web y evitar la presencia y transmisi\u00f3n de virus y dem\u00e1s componentes da\u00f1inos a los USUARIOS.    <\/p>\n\n<p>6.2.- www.biomiz.es no se responsabiliza del uso que los USUARIOS hagan de los servicios y contenidos del Sitio Web. El USUARIO reconoce y acepta que el uso del Sitio Web y de sus servicios y contenidos se realiza bajo su entero riesgo y su entera responsabilidad. <\/p>\n\n<p><strong>7. Enlaces<\/strong><br\/>7.1.- En el caso de que en el Sitio Web se dispusiesen enlaces o hiperv\u00ednculos hac\u00eda otros sitios de Internet, www.biomiz.es no ejercer\u00e1 ning\u00fan tipo de control sobre dichos sitios y contenidos. En ning\u00fan caso www.biomiz.es asumir\u00e1 responsabilidad alguna por los contenidos de alg\u00fan enlace perteneciente a un sitio web ajeno, ni garantizar\u00e1 la disponibilidad t\u00e9cnica, calidad, fiabilidad, exactitud, amplitud, veracidad, licitud y validez de cualquier material o informaci\u00f3n contenida en ninguno de dichos hiperv\u00ednculos u otros sitios de Internet. En este sentido, si los USUARIOS tuvieran conocimiento de la realizaci\u00f3n de actividades ilegales a trav\u00e9s de estos sitios web de terceros, deber\u00e1n comunicarlo inmediatamente a www.biomiz.es, a fin de que se proceda a deshabilitar el enlace de acceso a los mismos.  <\/p>\n\n<p>7.2.- La inclusi\u00f3n de cualquier tipo de enlace por parte de www.biomiz.es a otros sitios de Internet no implica que exista alg\u00fan tipo de relaci\u00f3n, asociaci\u00f3n, colaboraci\u00f3n o dependencia entre www.biomiz.es y el titular del sitio enlazado.<\/p>\n\n<p><strong>8. Derecho de exclusi\u00f3n<\/strong><br\/>www.biomiz.es se reserva el derecho a denegar o retirar el acceso a este Sitio Web y\/o los servicios y contenidos ofrecidos en el mismo, sin necesidad de preaviso, a aquellos USUARIOS que incumplan estas condiciones generales de uso o las condiciones particulares que puedan establecerse.<\/p>\n\n<p><strong>9. General<\/strong><br\/>9.1.- En caso de discrepancia entre lo establecido en estas condiciones generales de uso y las condiciones particulares de cada servicio concreto, prevalecer\u00e1 lo dispuesto en estas \u00faltimas.<\/p>\n\n<p>9.2<strong>.<\/strong> Si cualquier disposici\u00f3n o contenido del presente Aviso Legal fuese declarada nula o inaplicable, en su totalidad o en parte, por resoluci\u00f3n firme de un Juzgado o Tribunal competente, dicha nulidad o inaplicaci\u00f3n no afectar\u00e1 a las restantes disposiciones de estas condiciones de uso, que permanecer\u00e1n vigentes a todos los efectos.<\/p>\n\n<p>9.3<strong>.<\/strong> El no ejercicio o ejecuci\u00f3n por parte de www.biomiz.es de cualquier derecho o disposici\u00f3n contenida en estas condiciones de uso no constituir\u00e1 una renuncia al mismo, salvo reconocimiento y acuerdo por escrito por su parte.<\/p>\n\n<p>9<strong>.4.<\/strong> www.biomiz.es podr\u00e1 modificar, total o parcialmente, estas condiciones en cualquier momento, y dichas modificaciones entrar\u00e1n en vigor en el momento de su publicaci\u00f3n en este Sitio Web.<\/p>\n\n<p><strong>10. Ley aplicable y jurisdicci\u00f3n<\/strong><br\/><br\/>Las relaciones establecidas entre el titular de este Sitio Web y el USUARIO se regir\u00e1n por lo dispuesto en la normativa vigente acerca de la legislaci\u00f3n aplicable y la jurisdicci\u00f3n competente. No obstante, para los casos en los que la normativa permita a las partes someterse a un fuero determinado, www.biomiz.es y el USUARIO, con renuncia expresa a cualquier otro fuero que pudiera corresponderles, se someten a los Juzgados y Tribunales competentes. <\/p>\n","protected":false},"excerpt":{"rendered":"<p>Informaci\u00f3n Legal En cumplimiento del deber de informaci\u00f3n establecido en el art\u00edculo 10 de la Ley 34\/2002, de Servicios de la Sociedad de la Informaci\u00f3n y del Comercio Electr\u00f3nico, te informamos que el titular del sitio web www.biomiz.eses Valentino Ruggieri, en adelante Biomiz. Los datos identificativos y de contacto de los titulares del sitio web [&hellip;]<\/p>\n","protected":false},"author":2,"featured_media":0,"parent":0,"menu_order":0,"comment_status":"closed","ping_status":"closed","template":"","meta":{"footnotes":""},"class_list":["post-18508","page","type-page","status-publish","hentry"],"yoast_head":"<!-- This site is optimized with the Yoast SEO plugin v23.8 - https:\/\/yoast.com\/wordpress\/plugins\/seo\/ -->\n<title>Aviso legal - Biomiz | Bioinformatics That Drives Discovery<\/title>\n<meta name=\"robots\" content=\"noindex, nofollow\" \/>\n<meta property=\"og:locale\" content=\"es_ES\" \/>\n<meta property=\"og:type\" content=\"article\" \/>\n<meta property=\"og:title\" content=\"Aviso legal - Biomiz | Bioinformatics That Drives Discovery\" \/>\n<meta property=\"og:description\" content=\"Informaci\u00f3n Legal En cumplimiento del deber de informaci\u00f3n establecido en el art\u00edculo 10 de la Ley 34\/2002, de Servicios de la Sociedad de la Informaci\u00f3n y del Comercio Electr\u00f3nico, te informamos que el titular del sitio web www.biomiz.eses Valentino Ruggieri, en adelante Biomiz. Los datos identificativos y de contacto de los titulares del sitio web [&hellip;]\" \/>\n<meta property=\"og:url\" content=\"https:\/\/biomiz.es\/es\/aviso-legal\/\" \/>\n<meta property=\"og:site_name\" content=\"Biomiz | Bioinformatics That Drives Discovery\" \/>\n<meta property=\"article:modified_time\" content=\"2024-11-13T19:47:44+00:00\" \/>\n<meta name=\"twitter:card\" content=\"summary_large_image\" \/>\n<meta name=\"twitter:label1\" content=\"Tiempo de lectura\" \/>\n\t<meta name=\"twitter:data1\" content=\"9 minutos\" \/>\n<script type=\"application\/ld+json\" class=\"yoast-schema-graph\">{\"@context\":\"https:\/\/schema.org\",\"@graph\":[{\"@type\":\"WebPage\",\"@id\":\"https:\/\/biomiz.es\/es\/aviso-legal\/\",\"url\":\"https:\/\/biomiz.es\/es\/aviso-legal\/\",\"name\":\"Aviso legal - Biomiz | Bioinformatics That Drives Discovery\",\"isPartOf\":{\"@id\":\"https:\/\/biomiz.es\/#website\"},\"datePublished\":\"2024-10-21T08:51:59+00:00\",\"dateModified\":\"2024-11-13T19:47:44+00:00\",\"breadcrumb\":{\"@id\":\"https:\/\/biomiz.es\/es\/aviso-legal\/#breadcrumb\"},\"inLanguage\":\"es\",\"potentialAction\":[{\"@type\":\"ReadAction\",\"target\":[\"https:\/\/biomiz.es\/es\/aviso-legal\/\"]}]},{\"@type\":\"BreadcrumbList\",\"@id\":\"https:\/\/biomiz.es\/es\/aviso-legal\/#breadcrumb\",\"itemListElement\":[{\"@type\":\"ListItem\",\"position\":1,\"name\":\"Home\",\"item\":\"https:\/\/biomiz.es\/\"},{\"@type\":\"ListItem\",\"position\":2,\"name\":\"Aviso legal\"}]},{\"@type\":\"WebSite\",\"@id\":\"https:\/\/biomiz.es\/#website\",\"url\":\"https:\/\/biomiz.es\/\",\"name\":\"Biomiz | Bioinformatics That Drives Discovery\",\"description\":\"Bioinformatics as a Service\",\"potentialAction\":[{\"@type\":\"SearchAction\",\"target\":{\"@type\":\"EntryPoint\",\"urlTemplate\":\"https:\/\/biomiz.es\/?s={search_term_string}\"},\"query-input\":{\"@type\":\"PropertyValueSpecification\",\"valueRequired\":true,\"valueName\":\"search_term_string\"}}],\"inLanguage\":\"es\"}]}<\/script>\n<!-- \/ Yoast SEO plugin. -->","yoast_head_json":{"title":"Aviso legal - Biomiz | Bioinformatics That Drives Discovery","robots":{"index":"noindex","follow":"nofollow"},"og_locale":"es_ES","og_type":"article","og_title":"Aviso legal - Biomiz | Bioinformatics That Drives Discovery","og_description":"Informaci\u00f3n Legal En cumplimiento del deber de informaci\u00f3n establecido en el art\u00edculo 10 de la Ley 34\/2002, de Servicios de la Sociedad de la Informaci\u00f3n y del Comercio Electr\u00f3nico, te informamos que el titular del sitio web www.biomiz.eses Valentino Ruggieri, en adelante Biomiz. Los datos identificativos y de contacto de los titulares del sitio web [&hellip;]","og_url":"https:\/\/biomiz.es\/es\/aviso-legal\/","og_site_name":"Biomiz | Bioinformatics That Drives Discovery","article_modified_time":"2024-11-13T19:47:44+00:00","twitter_card":"summary_large_image","twitter_misc":{"Tiempo de lectura":"9 minutos"},"schema":{"@context":"https:\/\/schema.org","@graph":[{"@type":"WebPage","@id":"https:\/\/biomiz.es\/es\/aviso-legal\/","url":"https:\/\/biomiz.es\/es\/aviso-legal\/","name":"Aviso legal - Biomiz | Bioinformatics That Drives Discovery","isPartOf":{"@id":"https:\/\/biomiz.es\/#website"},"datePublished":"2024-10-21T08:51:59+00:00","dateModified":"2024-11-13T19:47:44+00:00","breadcrumb":{"@id":"https:\/\/biomiz.es\/es\/aviso-legal\/#breadcrumb"},"inLanguage":"es","potentialAction":[{"@type":"ReadAction","target":["https:\/\/biomiz.es\/es\/aviso-legal\/"]}]},{"@type":"BreadcrumbList","@id":"https:\/\/biomiz.es\/es\/aviso-legal\/#breadcrumb","itemListElement":[{"@type":"ListItem","position":1,"name":"Home","item":"https:\/\/biomiz.es\/"},{"@type":"ListItem","position":2,"name":"Aviso legal"}]},{"@type":"WebSite","@id":"https:\/\/biomiz.es\/#website","url":"https:\/\/biomiz.es\/","name":"Biomiz | Bioinformatics That Drives Discovery","description":"Bioinformatics as a Service","potentialAction":[{"@type":"SearchAction","target":{"@type":"EntryPoint","urlTemplate":"https:\/\/biomiz.es\/?s={search_term_string}"},"query-input":{"@type":"PropertyValueSpecification","valueRequired":true,"valueName":"search_term_string"}}],"inLanguage":"es"}]}},"_links":{"self":[{"href":"https:\/\/biomiz.es\/es\/wp-json\/wp\/v2\/pages\/18508","targetHints":{"allow":["GET"]}}],"collection":[{"href":"https:\/\/biomiz.es\/es\/wp-json\/wp\/v2\/pages"}],"about":[{"href":"https:\/\/biomiz.es\/es\/wp-json\/wp\/v2\/types\/page"}],"author":[{"embeddable":true,"href":"https:\/\/biomiz.es\/es\/wp-json\/wp\/v2\/users\/2"}],"replies":[{"embeddable":true,"href":"https:\/\/biomiz.es\/es\/wp-json\/wp\/v2\/comments?post=18508"}],"version-history":[{"count":1,"href":"https:\/\/biomiz.es\/es\/wp-json\/wp\/v2\/pages\/18508\/revisions"}],"predecessor-version":[{"id":18509,"href":"https:\/\/biomiz.es\/es\/wp-json\/wp\/v2\/pages\/18508\/revisions\/18509"}],"wp:attachment":[{"href":"https:\/\/biomiz.es\/es\/wp-json\/wp\/v2\/media?parent=18508"}],"curies":[{"name":"wp","href":"https:\/\/api.w.org\/{rel}","templated":true}]}}