{"id":18510,"date":"2024-10-01T14:38:58","date_gmt":"2024-10-01T12:38:58","guid":{"rendered":"https:\/\/tender-goldwasser.77-68-126-8.plesk.page\/politica-de-privacidad\/"},"modified":"2024-11-13T20:53:56","modified_gmt":"2024-11-13T19:53:56","slug":"politica-de-privacidad","status":"publish","type":"page","link":"https:\/\/biomiz.es\/es\/politica-de-privacidad\/","title":{"rendered":"Pol\u00edtica de privacidad"},"content":{"rendered":"\n<p>En Europa y Espa\u00f1a existen normas de protecci\u00f3n de datos destinadas a proteger tu informaci\u00f3n personal que son de obligado cumplimiento para nuestra empresa. Por lo tanto, es muy importante para nosotros que entiendas perfectamente lo que vamos a hacer con los datos personales que te pedimos. <\/p>\n\n<p>De este modo, seremos transparentes y te daremos el control de tus datos, con un lenguaje sencillo y opciones claras que te permitir\u00e1n decidir lo que haremos con tu informaci\u00f3n personal.<\/p>\n\n<p>No dudes en preguntarnos si tienes alguna duda despu\u00e9s de leer esta informaci\u00f3n.<\/p>\n\n<p>Gracias por tu colaboraci\u00f3n.<\/p>\n\n<p><strong>\u00bfQui\u00e9nes somos?<\/strong><\/p>\n\n<p>Nuestro nombre: Valentino Ruggieri<br\/>Nuestro CIF: ESY4786252N<br\/>Nuestra actividad principal: Aut\u00f3nomo<br\/>Nuestra direcci\u00f3n: ITNIG 5\u00aa planta Carrer de Pujades 100 08005 Barcelona (Espa\u00f1a)<br\/>Nuestra direcci\u00f3n de correo electr\u00f3nico de contacto: info@biomiz.es Nuestro sitio web: www.biomiz.es<\/p>\n\n<p>Estamos a tu disposici\u00f3n, no dudes en ponerte en contacto con nosotros.<\/p>\n\n<p><strong>\u00bfPara qu\u00e9 utilizaremos tus datos?<\/strong><\/p>\n\n<p>En general, tus datos personales se utilizar\u00e1n para relacionarnos contigo y prestarte nuestros servicios. Tambi\u00e9n pueden utilizarse para otras actividades, como enviarte publicidad o promocionar nuestras actividades. <\/p>\n\n<p><strong>\u00bfPor qu\u00e9 necesitamos utilizar tus datos?<\/strong><\/p>\n\n<p>Tu informaci\u00f3n personal es necesaria para que podamos interactuar contigo y prestarte nuestros servicios. En este sentido, te proporcionaremos una serie de casillas de verificaci\u00f3n que te permitir\u00e1n hacer una elecci\u00f3n clara y sencilla sobre el uso de tu informaci\u00f3n personal. <\/p>\n\n<p><strong>\u00bfQui\u00e9n conocer\u00e1 la informaci\u00f3n que te pedimos?<\/strong><\/p>\n\n<p>En general, s\u00f3lo el personal de nuestra entidad que est\u00e9 debidamente autorizado podr\u00e1 conocer la informaci\u00f3n que le solicitemos.<\/p>\n\n<p>Del mismo modo, aquellas entidades que necesiten tener acceso a tus datos personales para que podamos prestarte nuestros servicios podr\u00e1n tener acceso a tus datos personales. Por ejemplo, nuestro banco conocer\u00e1 tus datos si el pago de nuestros servicios se realiza mediante tarjeta de cr\u00e9dito o transferencia bancaria. Asimismo, tendr\u00e1n conocimiento de tus datos aquellas entidades p\u00fablicas o privadas a las que estemos obligados a facilitar tus datos personales para cumplir con alguna ley.  <\/p>\n\n<p>Por ponerte un ejemplo, la Ley Tributaria nos obliga a facilitar a la Agencia Tributaria cierta informaci\u00f3n sobre operaciones econ\u00f3micas que superen una determinada cuant\u00eda. En el caso de que, adem\u00e1s de los supuestos anteriores, necesitemos ceder tus datos personales a otras entidades, solicitaremos tu autorizaci\u00f3n previa a trav\u00e9s de opciones claras que te permitan decidir al respecto. <\/p>\n\n<p><strong>\u00bfC\u00f3mo protegeremos tus datos?<\/strong><\/p>\n\n<p>Protegeremos tus datos con medidas de seguridad eficaces y acordes con los riesgos que conlleva el uso de tu informaci\u00f3n. Para ello, nuestra entidad ha aprobado una Pol\u00edtica de Protecci\u00f3n de Datos y se realizan controles y auditor\u00edas anuales para verificar que tus datos personales est\u00e1n seguros en todo momento. <\/p>\n\n<p><strong>\u00bfEnviaremos tus datos a otros pa\u00edses?<\/strong><\/p>\n\n<p>En el mundo hay pa\u00edses que son seguros para tus datos y otros que no lo son tanto. Por ejemplo, la Uni\u00f3n Europea es un entorno seguro para tus datos. Nuestra pol\u00edtica es no enviar tus datos personales a ning\u00fan pa\u00eds que no sea seguro desde el punto de vista de la protecci\u00f3n de datos.  <\/p>\n\n<p>En el caso de que, para prestarte el servicio, sea necesario enviar tus datos a un pa\u00eds que no sea tan seguro como Espa\u00f1a, siempre solicitaremos tu permiso previo e implementaremos medidas de seguridad efectivas para reducir los riesgos del env\u00edo de tu informaci\u00f3n personal a otro pa\u00eds.<\/p>\n\n<p><strong>\u00bfCu\u00e1nto tiempo conservaremos tus datos?<\/strong><\/p>\n\n<p>Conservaremos tus datos mientras dure nuestra relaci\u00f3n y mientras la ley nos obligue a ello. Una vez transcurridos los plazos legales aplicables, nos desharemos de ella de forma segura y respetuosa con el medio ambiente. <\/p>\n\n<p><strong>\u00bfCu\u00e1les son tus derechos en materia de protecci\u00f3n de datos?<\/strong><\/p>\n\n<p>Puedes ponerte en contacto con nosotros en cualquier momento para saber qu\u00e9 informaci\u00f3n tenemos sobre ti, rectificarla si es incorrecta y eliminarla una vez finalizada nuestra relaci\u00f3n, siempre que sea legalmente posible.<\/p>\n\n<p>Tambi\u00e9n tienes derecho a solicitar la transferencia de tu informaci\u00f3n a otra entidad. Este derecho se denomina &#8220;portabilidad&#8221; y puede ser \u00fatil en determinadas situaciones. Para solicitar cualquiera de estos derechos, debes dirigir una solicitud por escrito a nuestra direcci\u00f3n, junto con una fotocopia de tu DNI, para que podamos identificarte. Disponemos de formularios espec\u00edficos en nuestras oficinas para solicitar estos derechos y te ofrecemos nuestra ayuda para cumplimentarlos.   <\/p>\n\n<p>Para saber m\u00e1s sobre tus derechos en materia de protecci\u00f3n de datos, puedes consultar la p\u00e1gina web de la Agencia Espa\u00f1ola de Protecci\u00f3n de Datos (www.agpd.es).<\/p>\n\n<p><strong>\u00bfPuedes retirar tu consentimiento si cambias de opini\u00f3n posteriormente?<\/strong><br\/><br\/>Puedes retirar tu consentimiento si cambias de opini\u00f3n sobre el uso de tus datos en cualquier momento. Por ejemplo, si alguna vez estuviste interesado en recibir publicidad de nuestros productos o servicios, pero ya no deseas recibir m\u00e1s publicidad, puedes hac\u00e9rnoslo saber a trav\u00e9s del formulario de oposici\u00f3n al tratamiento disponible en las oficinas de nuestra entidad. <\/p>\n\n<p><strong>Si crees que no se han respetado tus derechos, \u00bfd\u00f3nde puedes presentar una queja?  <\/strong><br\/><br\/>Si consideras que tus derechos han sido vulnerados por nuestra empresa, puedes presentar una reclamaci\u00f3n ante la Agencia Espa\u00f1ola de Protecci\u00f3n de Datos, a trav\u00e9s de cualquiera de los siguientes medios:<\/p>\n\n<p>Sede electr\u00f3nica: www.agpd.es<br\/>Direcci\u00f3n postal: Agencia Espa\u00f1ola de Protecci\u00f3n de Datos C\/ Jorge Juan N\u00ba 6, 28001, Madrid.<br\/>Por tel\u00e9fono: Tel. 901 100 099 Tel. 912 663 517<br\/>Presentar una reclamaci\u00f3n ante la Agencia Espa\u00f1ola de Protecci\u00f3n de Datos no supone ning\u00fan coste y no es necesario contar con la asistencia de un abogado o procurador.  <\/p>\n\n<p><strong>\u00bfTe haremos un perfil?<\/strong><br\/><br\/>Nuestra pol\u00edtica es no elaborar perfiles de los usuarios de nuestros servicios. Sin embargo, puede haber situaciones en las que, para la prestaci\u00f3n de servicios, marketing u otros fines, necesitemos elaborar perfiles de informaci\u00f3n sobre ti. <\/p>\n\n<p>Un ejemplo podr\u00eda ser el uso de tu historial de compras o servicios para ofrecerte productos o servicios adaptados a tus gustos o necesidades. En tal caso, aplicaremos medidas de seguridad eficaces para proteger tu informaci\u00f3n en todo momento de personas no autorizadas que pretendan utilizarla en su propio beneficio. <\/p>\n\n<p><strong>\u00bfUtilizaremos tus datos para otros fines?<\/strong><br\/><br\/>Nuestra pol\u00edtica es no utilizar tus datos para fines distintos de los que te hemos explicado. Sin embargo, si necesitamos utilizar tus datos para otras actividades, siempre te pediremos permiso de antemano mediante opciones claras que te permitan decidir al respecto. <\/p>\n\n<h2 class=\"wp-block-heading\"><\/h2>\n","protected":false},"excerpt":{"rendered":"<p>En Europa y Espa\u00f1a existen normas de protecci\u00f3n de datos destinadas a proteger tu informaci\u00f3n personal que son de obligado cumplimiento para nuestra empresa. Por lo tanto, es muy importante para nosotros que entiendas perfectamente lo que vamos a hacer con los datos personales que te pedimos. De este modo, seremos transparentes y te daremos [&hellip;]<\/p>\n","protected":false},"author":1,"featured_media":0,"parent":0,"menu_order":0,"comment_status":"closed","ping_status":"closed","template":"","meta":{"footnotes":""},"class_list":["post-18510","page","type-page","status-publish","hentry"],"yoast_head":"<!-- This site is optimized with the Yoast SEO plugin v23.8 - https:\/\/yoast.com\/wordpress\/plugins\/seo\/ -->\n<title>Pol\u00edtica de privacidad - Biomiz | Bioinformatics That Drives Discovery<\/title>\n<meta name=\"robots\" content=\"noindex, nofollow\" \/>\n<meta property=\"og:locale\" content=\"es_ES\" \/>\n<meta property=\"og:type\" content=\"article\" \/>\n<meta property=\"og:title\" content=\"Pol\u00edtica de privacidad - Biomiz | Bioinformatics That Drives Discovery\" \/>\n<meta property=\"og:description\" content=\"En Europa y Espa\u00f1a existen normas de protecci\u00f3n de datos destinadas a proteger tu informaci\u00f3n personal que son de obligado cumplimiento para nuestra empresa. Por lo tanto, es muy importante para nosotros que entiendas perfectamente lo que vamos a hacer con los datos personales que te pedimos. De este modo, seremos transparentes y te daremos [&hellip;]\" \/>\n<meta property=\"og:url\" content=\"https:\/\/biomiz.es\/es\/politica-de-privacidad\/\" \/>\n<meta property=\"og:site_name\" content=\"Biomiz | Bioinformatics That Drives Discovery\" \/>\n<meta property=\"article:modified_time\" content=\"2024-11-13T19:53:56+00:00\" \/>\n<meta name=\"twitter:card\" content=\"summary_large_image\" \/>\n<meta name=\"twitter:label1\" content=\"Tiempo de lectura\" \/>\n\t<meta name=\"twitter:data1\" content=\"5 minutos\" \/>\n<script type=\"application\/ld+json\" class=\"yoast-schema-graph\">{\"@context\":\"https:\/\/schema.org\",\"@graph\":[{\"@type\":\"WebPage\",\"@id\":\"https:\/\/biomiz.es\/es\/politica-de-privacidad\/\",\"url\":\"https:\/\/biomiz.es\/es\/politica-de-privacidad\/\",\"name\":\"Pol\u00edtica de privacidad - Biomiz | Bioinformatics That Drives Discovery\",\"isPartOf\":{\"@id\":\"https:\/\/biomiz.es\/#website\"},\"datePublished\":\"2024-10-01T12:38:58+00:00\",\"dateModified\":\"2024-11-13T19:53:56+00:00\",\"breadcrumb\":{\"@id\":\"https:\/\/biomiz.es\/es\/politica-de-privacidad\/#breadcrumb\"},\"inLanguage\":\"es\",\"potentialAction\":[{\"@type\":\"ReadAction\",\"target\":[\"https:\/\/biomiz.es\/es\/politica-de-privacidad\/\"]}]},{\"@type\":\"BreadcrumbList\",\"@id\":\"https:\/\/biomiz.es\/es\/politica-de-privacidad\/#breadcrumb\",\"itemListElement\":[{\"@type\":\"ListItem\",\"position\":1,\"name\":\"Home\",\"item\":\"https:\/\/biomiz.es\/\"},{\"@type\":\"ListItem\",\"position\":2,\"name\":\"Pol\u00edtica de privacidad\"}]},{\"@type\":\"WebSite\",\"@id\":\"https:\/\/biomiz.es\/#website\",\"url\":\"https:\/\/biomiz.es\/\",\"name\":\"Biomiz | Bioinformatics That Drives Discovery\",\"description\":\"Bioinformatics as a Service\",\"potentialAction\":[{\"@type\":\"SearchAction\",\"target\":{\"@type\":\"EntryPoint\",\"urlTemplate\":\"https:\/\/biomiz.es\/?s={search_term_string}\"},\"query-input\":{\"@type\":\"PropertyValueSpecification\",\"valueRequired\":true,\"valueName\":\"search_term_string\"}}],\"inLanguage\":\"es\"}]}<\/script>\n<!-- \/ Yoast SEO plugin. -->","yoast_head_json":{"title":"Pol\u00edtica de privacidad - Biomiz | Bioinformatics That Drives Discovery","robots":{"index":"noindex","follow":"nofollow"},"og_locale":"es_ES","og_type":"article","og_title":"Pol\u00edtica de privacidad - Biomiz | Bioinformatics That Drives Discovery","og_description":"En Europa y Espa\u00f1a existen normas de protecci\u00f3n de datos destinadas a proteger tu informaci\u00f3n personal que son de obligado cumplimiento para nuestra empresa. Por lo tanto, es muy importante para nosotros que entiendas perfectamente lo que vamos a hacer con los datos personales que te pedimos. De este modo, seremos transparentes y te daremos [&hellip;]","og_url":"https:\/\/biomiz.es\/es\/politica-de-privacidad\/","og_site_name":"Biomiz | Bioinformatics That Drives Discovery","article_modified_time":"2024-11-13T19:53:56+00:00","twitter_card":"summary_large_image","twitter_misc":{"Tiempo de lectura":"5 minutos"},"schema":{"@context":"https:\/\/schema.org","@graph":[{"@type":"WebPage","@id":"https:\/\/biomiz.es\/es\/politica-de-privacidad\/","url":"https:\/\/biomiz.es\/es\/politica-de-privacidad\/","name":"Pol\u00edtica de privacidad - Biomiz | Bioinformatics That Drives Discovery","isPartOf":{"@id":"https:\/\/biomiz.es\/#website"},"datePublished":"2024-10-01T12:38:58+00:00","dateModified":"2024-11-13T19:53:56+00:00","breadcrumb":{"@id":"https:\/\/biomiz.es\/es\/politica-de-privacidad\/#breadcrumb"},"inLanguage":"es","potentialAction":[{"@type":"ReadAction","target":["https:\/\/biomiz.es\/es\/politica-de-privacidad\/"]}]},{"@type":"BreadcrumbList","@id":"https:\/\/biomiz.es\/es\/politica-de-privacidad\/#breadcrumb","itemListElement":[{"@type":"ListItem","position":1,"name":"Home","item":"https:\/\/biomiz.es\/"},{"@type":"ListItem","position":2,"name":"Pol\u00edtica de privacidad"}]},{"@type":"WebSite","@id":"https:\/\/biomiz.es\/#website","url":"https:\/\/biomiz.es\/","name":"Biomiz | Bioinformatics That Drives Discovery","description":"Bioinformatics as a Service","potentialAction":[{"@type":"SearchAction","target":{"@type":"EntryPoint","urlTemplate":"https:\/\/biomiz.es\/?s={search_term_string}"},"query-input":{"@type":"PropertyValueSpecification","valueRequired":true,"valueName":"search_term_string"}}],"inLanguage":"es"}]}},"_links":{"self":[{"href":"https:\/\/biomiz.es\/es\/wp-json\/wp\/v2\/pages\/18510","targetHints":{"allow":["GET"]}}],"collection":[{"href":"https:\/\/biomiz.es\/es\/wp-json\/wp\/v2\/pages"}],"about":[{"href":"https:\/\/biomiz.es\/es\/wp-json\/wp\/v2\/types\/page"}],"author":[{"embeddable":true,"href":"https:\/\/biomiz.es\/es\/wp-json\/wp\/v2\/users\/1"}],"replies":[{"embeddable":true,"href":"https:\/\/biomiz.es\/es\/wp-json\/wp\/v2\/comments?post=18510"}],"version-history":[{"count":1,"href":"https:\/\/biomiz.es\/es\/wp-json\/wp\/v2\/pages\/18510\/revisions"}],"predecessor-version":[{"id":18511,"href":"https:\/\/biomiz.es\/es\/wp-json\/wp\/v2\/pages\/18510\/revisions\/18511"}],"wp:attachment":[{"href":"https:\/\/biomiz.es\/es\/wp-json\/wp\/v2\/media?parent=18510"}],"curies":[{"name":"wp","href":"https:\/\/api.w.org\/{rel}","templated":true}]}}